{"id":203,"date":"2025-07-10T05:49:28","date_gmt":"2025-07-10T05:49:28","guid":{"rendered":"https:\/\/kittygarden.cloud\/?page_id=203"},"modified":"2025-07-10T06:24:03","modified_gmt":"2025-07-10T06:24:03","slug":"strona-glowna","status":"publish","type":"page","link":"https:\/\/kittygarden.cloud\/index.php\/strona-glowna\/","title":{"rendered":"Strona G\u0142\u00f3wna"},"content":{"rendered":"\n<figure class=\"wp-block-image size-large\"><img decoding=\"async\" src=\"https:\/\/www.nawacka.pl\/wp-content\/uploads\/2023\/09\/Warsztaty_makijazu_dla_firm.jpg\" alt=\"\"\/><\/figure>\n\n\n\n<div class=\"wp-block-columns alignwide is-layout-flex wp-container-core-columns-is-layout-ff679dcb wp-block-columns-is-layout-flex\" style=\"margin-top:0;margin-bottom:0;padding-top:var(--wp--preset--spacing--20);padding-bottom:var(--wp--preset--spacing--20)\">\n<div class=\"wp-block-column is-layout-flow wp-block-column-is-layout-flow\">\n<h2 class=\"wp-block-heading alignwide has-body-font-family has-large-font-size\" style=\"font-style:normal;font-weight:600\">Makija\u017c w Bielsku-Bia\u0142ej i okolicach!<\/h2>\n\n\n\n<p class=\"has-link-color wp-elements-672f33ab9773ed45583bfe9b38a5686d\" style=\"margin-top:var(--wp--preset--spacing--10);margin-bottom:var(--wp--preset--spacing--10)\">Nazywam si\u0119 Justyna Nawacka &#8211; G\u0105sior. Makija\u017c to moja pasja. Oferuj\u0119 profesjonalne us\u0142ugi z zakresu wiza\u017cu oraz stylizacji brwi i rz\u0119s w Bielsku-Bia\u0142ej i okolicach.<br>Zapraszam do zapoznania si\u0119 z ofert\u0105 moich us\u0142ug. Moj\u0105 prac\u0119 mo\u017cecie \u015bledzi\u0107 w serwisie <a href=\"https:\/\/www.instagram.com\/justynanawacka\">Instagram<\/a><\/p>\n<\/div>\n<\/div>\n\n\n\n<div class=\"wp-block-columns alignwide is-layout-flex wp-container-core-columns-is-layout-ff679dcb wp-block-columns-is-layout-flex\" style=\"margin-top:0;margin-bottom:0;padding-top:var(--wp--preset--spacing--20);padding-bottom:var(--wp--preset--spacing--20)\">\n<div class=\"wp-block-column is-layout-flow wp-block-column-is-layout-flow\">\n<h2 class=\"wp-block-heading alignwide has-body-font-family has-large-font-size\" style=\"font-style:normal;font-weight:600\">Od lat razem.<\/h2>\n\n\n\n<p style=\"margin-top:var(--wp--preset--spacing--10);margin-bottom:var(--wp--preset--spacing--10)\">Od ponad 10 lat staram si\u0119 robi\u0107 wszystko, aby ka\u017cda z was, czu\u0142a si\u0119 pi\u0119kna! Preferuj\u0119 makija\u017ce naturalne i upi\u0119kszaj\u0105ce.<br>Z roku na rok coraz bardziej kocham to co robi\u0119, daje mi to ogrom satysfakcji a zadowolona klientka, jest moim priorytetem.<br>Uwielbiam kontakt z lud\u017ami i rozmowy z moimi klientkami. Ciesz\u0119 si\u0119 kiedy do mnie wracacie.<\/p>\n\n\n\n<p>Makija\u017ce najcz\u0119\u015bciej wykonuj\u0119 u siebie w studio, ale r\u00f3wnie cz\u0119sto opuszczam je, aby malowa\u0107 na pakietach makija\u017cowych bezpo\u015brednio w domu klientki \u2013 co daje mi ogromn\u0105 rado\u015b\u0107 a wam du\u017cy komfort.<\/p>\n<\/div>\n<\/div>\n\n\n\n<div class=\"wp-block-columns alignwide is-layout-flex wp-container-core-columns-is-layout-ff679dcb wp-block-columns-is-layout-flex\" style=\"margin-top:0;margin-bottom:0;padding-top:var(--wp--preset--spacing--20);padding-bottom:var(--wp--preset--spacing--20)\">\n<div class=\"wp-block-column is-layout-flow wp-block-column-is-layout-flow\">\n<h2 class=\"wp-block-heading alignwide has-body-font-family has-large-font-size\" style=\"font-style:normal;font-weight:600\">Trendy w makija\u017cu.<\/h2>\n\n\n\n<p style=\"margin-top:var(--wp--preset--spacing--10);margin-bottom:var(--wp--preset--spacing--10)\">Jestem uzale\u017cniona od mojej pracy, \u015bledz\u0119 wszystkie najnowsze trendy oraz nowo\u015bci w bran\u017cy beauty!<br>W czasie wolnym ogl\u0105dam bran\u017cowe filmy na Instagramie, YouTubie czy TikToku. Na swoim Instagramowym profilu sama je tworz\u0119  \u2013 zapraszam was tam serdecznie, poznacie nowe ciekawostki, triki, porady oraz recenzje najnowszych produkt\u00f3w.<\/p>\n<\/div>\n<\/div>\n\n\n\n<div class=\"wp-block-columns alignwide is-layout-flex wp-container-core-columns-is-layout-ff679dcb wp-block-columns-is-layout-flex\" style=\"margin-top:0;margin-bottom:0;padding-top:var(--wp--preset--spacing--20);padding-bottom:var(--wp--preset--spacing--20)\">\n<div class=\"wp-block-column is-layout-flow wp-block-column-is-layout-flow\">\n<h2 class=\"wp-block-heading alignwide has-body-font-family has-large-font-size\" style=\"font-style:normal;font-weight:600\">Lekcje makija\u017cu.<\/h2>\n\n\n\n<p style=\"margin-top:var(--wp--preset--spacing--10);margin-bottom:var(--wp--preset--spacing--10)\">Uwielbiam dzieli\u0107 si\u0119 wiedz\u0105. Dla tego ju\u017c od lat prowadz\u0119 lekcje makija\u017cu, gdzie ca\u0142\u0105 swoj\u0105 uwag\u0119 po\u015bwi\u0119cam kursantce. Zapraszam serdecznie, dobierzemy makija\u017c do Twoich indywidualnych potrzeb i typu urody.<\/p>\n\n\n\n<p style=\"margin-top:var(--wp--preset--spacing--10);margin-bottom:var(--wp--preset--spacing--10)\"><\/p>\n<\/div>\n<\/div>\n\n\n\n<div class=\"wp-block-columns alignwide is-layout-flex wp-container-core-columns-is-layout-ff679dcb wp-block-columns-is-layout-flex\" style=\"margin-top:0;margin-bottom:0;padding-top:var(--wp--preset--spacing--20);padding-bottom:var(--wp--preset--spacing--20)\">\n<div class=\"wp-block-column is-layout-flow wp-block-column-is-layout-flow\">\n<h2 class=\"wp-block-heading alignwide has-body-font-family has-large-font-size\" style=\"font-style:normal;font-weight:600\">Henna pudrowa i lifting rz\u0119s.<\/h2>\n\n\n\n<p style=\"margin-top:var(--wp--preset--spacing--10);margin-bottom:var(--wp--preset--spacing--10)\">Opr\u00f3cz makija\u017cu zajmuje si\u0119 r\u00f3wnie\u017c opraw\u0105 oka. Wykonuj\u0119 henn\u0119 pudrow\u0105, lifting rz\u0119s i laminacj\u0119 brwi. W ci\u0105gu wielu lat praktyki pozna\u0142am wiele wspania\u0142ych klientek i niezwykle ceni\u0105 sobie nasze relacje.<\/p>\n<\/div>\n<\/div>\n\n\n\n<div class=\"wp-block-columns alignwide is-layout-flex wp-container-core-columns-is-layout-ff679dcb wp-block-columns-is-layout-flex\" style=\"margin-top:0;margin-bottom:0;padding-top:var(--wp--preset--spacing--20);padding-bottom:var(--wp--preset--spacing--20)\">\n<div class=\"wp-block-column is-layout-flow wp-block-column-is-layout-flow\">\n<h2 class=\"wp-block-heading alignwide has-body-font-family has-large-font-size\" style=\"font-style:normal;font-weight:600\">Pozosta\u0144my w kontakcie.<\/h2>\n\n\n\n<p style=\"margin-top:var(--wp--preset--spacing--10);margin-bottom:var(--wp--preset--spacing--10)\">Zapraszam was serdecznie szczeg\u00f3lnie na mojego Instagrama, poznacie mnie od bardziej prywatnej, swobodnej strony. <\/p>\n\n\n\n<p class=\"has-link-color wp-elements-fb17fbe8baf52136a538f1b03bd3e4d2\">Moje studio znajduje si\u0119 w sercu\u00a0<a href=\"https:\/\/maps.app.goo.gl\/85RXX1MKTpokhEYH7\">Bielska-Bia\u0142ej przy ul. M\u0142y\u0144skiej 8\/A22<\/a>.<\/p>\n\n\n\n<p class=\"has-link-color wp-elements-92b008038af75d819d4703d6159375ab\" style=\"margin-top:var(--wp--preset--spacing--10);margin-bottom:var(--wp--preset--spacing--10)\">Serdecznie zapraszam do umawiania wizyt przez <a href=\"https:\/\/booksy.com\/pl-pl\/228828_justyna-nawacka-nawacka-pl_makijaz_12680_bielsko-biala#ba_s=sh_1\">Booksy<\/a>, telefonicznie jak i przez wiadomo\u015bci.<\/p>\n<\/div>\n<\/div>\n\n\n\n<p><\/p>\n","protected":false},"excerpt":{"rendered":"<p>Makija\u017c w Bielsku-Bia\u0142ej i okolicach! Nazywam si\u0119 Justyna Nawacka &#8211; G\u0105sior. Makija\u017c to moja pasja. Oferuj\u0119 profesjonalne us\u0142ugi z zakresu wiza\u017cu oraz stylizacji brwi i rz\u0119s w Bielsku-Bia\u0142ej i okolicach.Zapraszam do zapoznania si\u0119 z ofert\u0105 moich us\u0142ug. Moj\u0105 prac\u0119 mo\u017cecie \u015bledzi\u0107 w serwisie Instagram Od lat razem. Od ponad 10 lat staram si\u0119 robi\u0107 wszystko, [&hellip;]<\/p>\n","protected":false},"author":1,"featured_media":0,"parent":0,"menu_order":0,"comment_status":"closed","ping_status":"closed","template":"","meta":{"footnotes":""},"class_list":["post-203","page","type-page","status-publish","hentry"],"_links":{"self":[{"href":"https:\/\/kittygarden.cloud\/index.php\/wp-json\/wp\/v2\/pages\/203","targetHints":{"allow":["GET"]}}],"collection":[{"href":"https:\/\/kittygarden.cloud\/index.php\/wp-json\/wp\/v2\/pages"}],"about":[{"href":"https:\/\/kittygarden.cloud\/index.php\/wp-json\/wp\/v2\/types\/page"}],"author":[{"embeddable":true,"href":"https:\/\/kittygarden.cloud\/index.php\/wp-json\/wp\/v2\/users\/1"}],"replies":[{"embeddable":true,"href":"https:\/\/kittygarden.cloud\/index.php\/wp-json\/wp\/v2\/comments?post=203"}],"version-history":[{"count":14,"href":"https:\/\/kittygarden.cloud\/index.php\/wp-json\/wp\/v2\/pages\/203\/revisions"}],"predecessor-version":[{"id":218,"href":"https:\/\/kittygarden.cloud\/index.php\/wp-json\/wp\/v2\/pages\/203\/revisions\/218"}],"wp:attachment":[{"href":"https:\/\/kittygarden.cloud\/index.php\/wp-json\/wp\/v2\/media?parent=203"}],"curies":[{"name":"wp","href":"https:\/\/api.w.org\/{rel}","templated":true}]}}